{"id":2,"date":"2023-11-30T20:25:07","date_gmt":"2023-11-30T23:25:07","guid":{"rendered":"https:\/\/www.filacp.com\/simposio\/?page_id=2"},"modified":"2023-12-18T14:41:10","modified_gmt":"2023-12-18T17:41:10","slug":"inicio","status":"publish","type":"page","link":"https:\/\/www.filacp.com\/simposio\/","title":{"rendered":"SIMPOSIO VIRTUAL"},"content":{"rendered":"\t\t<div data-elementor-type=\"wp-page\" data-elementor-id=\"2\" class=\"elementor elementor-2\">\n\t\t\t\t<div class=\"elementor-element elementor-element-8b7c373 e-flex e-con-boxed e-con e-parent\" data-id=\"8b7c373\" data-element_type=\"container\" data-settings=\"{&quot;background_background&quot;:&quot;classic&quot;}\">\n\t\t\t\t\t<div class=\"e-con-inner\">\n\t\t<div class=\"elementor-element elementor-element-f438203 e-con-full animated-slow e-flex elementor-invisible e-con e-child\" data-id=\"f438203\" data-element_type=\"container\" data-settings=\"{&quot;animation&quot;:&quot;fadeInLeft&quot;,&quot;animation_delay&quot;:4}\">\n\t\t\t\t<div class=\"elementor-element elementor-element-8d45f55 elementor-widget elementor-widget-heading\" data-id=\"8d45f55\" data-element_type=\"widget\" data-widget_type=\"heading.default\">\n\t\t\t\t<div class=\"elementor-widget-container\">\n\t\t\t\t\t<h2 class=\"elementor-heading-title elementor-size-default\">Ingresar a la Plataforma<\/h2>\t\t\t\t<\/div>\n\t\t\t\t<\/div>\n\t\t\t\t<div class=\"elementor-element elementor-element-764df5f elementor-widget__width-inherit paneo elementor-widget elementor-widget-wppb-login\" data-id=\"764df5f\" data-element_type=\"widget\" data-widget_type=\"wppb-login.default\">\n\t\t\t\t<div class=\"elementor-widget-container\">\n\t\t\t\t\t<div id=\"wppb-login-wrap\" class=\"wppb-user-forms\">\n\t\t<form name=\"wppb-loginform\" id=\"wppb-loginform\" action=\"https:\/\/www.filacp.com\/simposio\/wp-json\/wp\/v2\/pages\/2\" method=\"post\">\n\t\t\t\n\t\t\t<p class=\"login-username\">\n\t\t\t\t<label for=\"user_login\">Email<\/label>\n\t\t\t\t<input type=\"text\" name=\"log\" id=\"user_login\" class=\"input\" value=\"\" size=\"20\" \/>\n\t\t\t<\/p>\n\t\t\t<p class=\"login-password\">\n\t\t\t\t<label for=\"user_pass\">Contrase\u00f1a<\/label>\n\t\t\t\t<input type=\"password\" name=\"pwd\" id=\"user_pass\" class=\"input\" value=\"\" size=\"20\" \/>\n\t\t\t<\/p>\n\t\t\t\n\t\t\t<p class=\"login-remember\" style=\"display:none;\"><input name=\"rememberme\" type=\"checkbox\" id=\"rememberme\" value=\"forever\" \/><label for=\"rememberme\">Remember Me<\/label><\/p>\n\t\t\t<p class=\"login-submit\">\n\t\t\t\t<input type=\"submit\" name=\"wp-submit\" id=\"wppb-submit\" class=\"button button-primary\" value=\"Ingresar\" \/>\n\t\t\t\t<input type=\"hidden\" name=\"redirect_to\" value=\"https:\/\/www.filacp.com\/simposio\/wp-json\/wp\/v2\/pages\/2\" \/>\n\t\t\t<\/p>\n\t\t\t<input type=\"hidden\" name=\"wppb_login\" value=\"true\"\/>\n\t\t\t<input type=\"hidden\" name=\"wppb_form_location\" value=\"widget\"\/>\n\t\t\t<input type=\"hidden\" name=\"wppb_request_url\" value=\"https:\/\/www.filacp.com\/simposio\/wp-json\/wp\/v2\/pages\/2\"\/>\n\t\t\t<input type=\"hidden\" name=\"wppb_lostpassword_url\" value=\"\"\/>\n\t\t\t<input type=\"hidden\" name=\"wppb_redirect_priority\" value=\"\"\/>\n\t\t\t<input type=\"hidden\" name=\"wppb_referer_url\" value=\"\"\/>\n\t\t\t<input type=\"hidden\" id=\"CSRFToken-wppb\" name=\"CSRFToken-wppb\" value=\"7a888c23e2\" \/><input type=\"hidden\" name=\"_wp_http_referer\" value=\"\/simposio\/wp-json\/wp\/v2\/pages\/2\" \/>\n\t\t\t<input type=\"hidden\" name=\"wppb_redirect_check\" value=\"true\"\/>\n\t\t\t\n\t\t<\/form><\/div>\t\t\t\t<\/div>\n\t\t\t\t<\/div>\n\t\t\t\t<div class=\"elementor-element elementor-element-3e4a2a1 elementor-widget elementor-widget-heading\" data-id=\"3e4a2a1\" data-element_type=\"widget\" data-widget_type=\"heading.default\">\n\t\t\t\t<div class=\"elementor-widget-container\">\n\t\t\t\t\t<div class=\"elementor-heading-title elementor-size-default\"><a href=\"https:\/\/www.filacp.com\/simposio\/restaurar-contrasena\/\" rel=\"nofollow\">\u00bfOlvid\u00f3 su Contrase\u00f1a?<\/a><\/div>\t\t\t\t<\/div>\n\t\t\t\t<\/div>\n\t\t\t\t<\/div>\n\t\t<div class=\"elementor-element elementor-element-3b04308 e-con-full animated-slow e-flex elementor-invisible e-con e-child\" data-id=\"3b04308\" data-element_type=\"container\" data-settings=\"{&quot;background_background&quot;:&quot;classic&quot;,&quot;animation&quot;:&quot;fadeInRight&quot;,&quot;animation_delay&quot;:4}\">\n\t\t\t\t<div class=\"elementor-element elementor-element-464aad2 elementor-widget elementor-widget-heading\" data-id=\"464aad2\" data-element_type=\"widget\" data-widget_type=\"heading.default\">\n\t\t\t\t<div class=\"elementor-widget-container\">\n\t\t\t\t\t<h2 class=\"elementor-heading-title elementor-size-default\">\u00bfEs Nuevo?<\/h2>\t\t\t\t<\/div>\n\t\t\t\t<\/div>\n\t\t\t\t<div class=\"elementor-element elementor-element-e4ed48c elementor-widget elementor-widget-text-editor\" data-id=\"e4ed48c\" data-element_type=\"widget\" data-widget_type=\"text-editor.default\">\n\t\t\t\t<div class=\"elementor-widget-container\">\n\t\t\t\t\t\t\t\t\t<ol><li>Registrarse desde el <strong><a href=\"https:\/\/filacp.com\/simposio\/registro\">Siguiente Link<\/a><\/strong><\/li><li>Al registrarse le llegar\u00e1 un email solicitando validar su direcci\u00f3n de mail.<\/li><li>Una vez que valide su direcci\u00f3n de mail registrada le llegar\u00e1 otro mail con la confirmaci\u00f3n y el link de pago.<\/li><li>Tiene que realizar el pago y enviar el tal\u00f3n del mismo al <strong><a href=\"https:\/\/www.filacp.com\/simposio\/comprobante-de-pago\" rel=\"noopener\">Siguiente Link<\/a><\/strong><\/li><li>Una vez que recibamos su pago y todo este correctamente se le enviar\u00e1 un email con la habilitaci\u00f3n final a la plataforma.<\/li><\/ol>\t\t\t\t\t\t\t\t<\/div>\n\t\t\t\t<\/div>\n\t\t\t\t<\/div>\n\t\t\t\t\t<\/div>\n\t\t\t\t<\/div>\n\t\t<div class=\"elementor-element elementor-element-b023964 animated-slow e-flex e-con-boxed elementor-invisible e-con e-parent\" data-id=\"b023964\" data-element_type=\"container\" data-settings=\"{&quot;animation&quot;:&quot;fadeInUp&quot;,&quot;animation_delay&quot;:5}\">\n\t\t\t\t\t<div class=\"e-con-inner\">\n\t\t\t\t<div class=\"elementor-element elementor-element-cf6b967 elementor-widget elementor-widget-heading\" data-id=\"cf6b967\" data-element_type=\"widget\" data-widget_type=\"heading.default\">\n\t\t\t\t<div class=\"elementor-widget-container\">\n\t\t\t\t\t<h2 class=\"elementor-heading-title elementor-size-default\">\u00a1BIENVENIDOS AL SIMPOSIO INTERNACIONAL DE PROCEDIMIENTOS\nEST\u00c9TICOS NO QUIR\u00daRGICOS Y NUEVAS TECNOLOG\u00cdAS EN\nCARTAGENA, NOVIEMBRE DE 2023!<\/h2>\t\t\t\t<\/div>\n\t\t\t\t<\/div>\n\t\t\t\t\t<\/div>\n\t\t\t\t<\/div>\n\t\t<div class=\"elementor-element elementor-element-8fae04b e-flex e-con-boxed e-con e-parent\" data-id=\"8fae04b\" data-element_type=\"container\">\n\t\t\t\t\t<div class=\"e-con-inner\">\n\t\t<div class=\"elementor-element elementor-element-c807c58 e-con-full e-flex e-con e-child\" data-id=\"c807c58\" data-element_type=\"container\">\n\t\t\t\t<div class=\"elementor-element elementor-element-6c680e7 elementor-widget elementor-widget-text-editor\" data-id=\"6c680e7\" data-element_type=\"widget\" data-widget_type=\"text-editor.default\">\n\t\t\t\t<div class=\"elementor-widget-container\">\n\t\t\t\t\t\t\t\t\t<p><strong>Estimados miembros de la FILACP,<\/strong><\/p><p>Es un placer dirigirme a ustedes en esta ocasi\u00f3n para invitarlos cordialmente al Simposio Virtual sobre Procedimientos Est\u00e9ticos no Quir\u00fargicos y Nuevas Tecnolog\u00edas, un evento que marcar\u00e1 un hito en nuestro compromiso con la excelencia y la vanguardia en el \u00e1mbito est\u00e9tico.<\/p><p>Este simposio re\u00fane a expertos destacados en el campo de la est\u00e9tica no quir\u00fargica y las tecnolog\u00edas m\u00e1s innovadoras. Ser\u00e1 una oportunidad \u00fanica para acceder a conocimientos de vanguardia, explorar las \u00faltimas tendencias y descubrir las herramientas m\u00e1s avanzadas disponibles en la actualidad.<\/p><p>Algunos de los temas destacados incluir\u00e1n:<\/p><ul><li>Avances en tratamientos no quir\u00fargicos.<\/li><li>Aplicaciones pr\u00e1cticas de nuevas tecnolog\u00edas en procedimientos est\u00e9ticos.<\/li><li>Casos de estudio y experiencias exitosas.<\/li><li>Sesiones interactivas de preguntas y respuestas.<\/li><\/ul><p>Participar en este simposio virtual no solo enriquecer\u00e1 sus conocimientos, sino que tambi\u00e9n brindar\u00e1 la flexibilidad de acceder al contenido desde la comodidad de su hogar u oficina.<\/p><p>Esperamos contar con su presencia en este evento que promete ser una experiencia educativa e inspiradora. Juntos, continuaremos avanzando en el camino hacia la excelencia en procedimientos est\u00e9ticos.<\/p><p>Quedo a su disposici\u00f3n para cualquier pregunta o aclaraci\u00f3n.<\/p><p><strong>\u00a1Nos vemos en el simposio!<br \/><\/strong>Cordialmente,<\/p>\t\t\t\t\t\t\t\t<\/div>\n\t\t\t\t<\/div>\n\t\t\t\t<\/div>\n\t\t<div class=\"elementor-element elementor-element-61a2484 e-con-full e-flex e-con e-child\" data-id=\"61a2484\" data-element_type=\"container\">\n\t\t\t\t<div class=\"elementor-element elementor-element-02dc6a4 elementor-position-top elementor-widget elementor-widget-image-box\" data-id=\"02dc6a4\" data-element_type=\"widget\" data-widget_type=\"image-box.default\">\n\t\t\t\t<div class=\"elementor-widget-container\">\n\t\t\t\t\t<div class=\"elementor-image-box-wrapper\"><figure class=\"elementor-image-box-img\"><img fetchpriority=\"high\" decoding=\"async\" width=\"290\" height=\"289\" src=\"https:\/\/www.filacp.com\/simposio\/wp-content\/uploads\/dr-german-vargas.png\" class=\"attachment-full size-full wp-image-75\" alt=\"\" srcset=\"https:\/\/www.filacp.com\/simposio\/wp-content\/uploads\/dr-german-vargas.png 290w, https:\/\/www.filacp.com\/simposio\/wp-content\/uploads\/dr-german-vargas-150x150.png 150w\" sizes=\"(max-width: 290px) 100vw, 290px\" \/><\/figure><div class=\"elementor-image-box-content\"><h3 class=\"elementor-image-box-title\">DR. GERMAN VARGAS<\/h3><p class=\"elementor-image-box-description\">Presidente FILACP<\/p><\/div><\/div>\t\t\t\t<\/div>\n\t\t\t\t<\/div>\n\t\t\t\t<\/div>\n\t\t\t\t\t<\/div>\n\t\t\t\t<\/div>\n\t\t<div class=\"elementor-element elementor-element-23b4daf animated-slow e-flex e-con-boxed elementor-invisible e-con e-parent\" data-id=\"23b4daf\" data-element_type=\"container\" data-settings=\"{&quot;animation&quot;:&quot;fadeInUp&quot;,&quot;animation_delay&quot;:5}\">\n\t\t\t\t\t<div class=\"e-con-inner\">\n\t\t\t\t<div class=\"elementor-element elementor-element-a0a1452 elementor-widget elementor-widget-heading\" data-id=\"a0a1452\" data-element_type=\"widget\" data-widget_type=\"heading.default\">\n\t\t\t\t<div class=\"elementor-widget-container\">\n\t\t\t\t\t<h2 class=\"elementor-heading-title elementor-size-default\">Consejo Ejecutivo de la FILACP<\/h2>\t\t\t\t<\/div>\n\t\t\t\t<\/div>\n\t\t\t\t\t<\/div>\n\t\t\t\t<\/div>\n\t\t<div class=\"elementor-element elementor-element-5cfad7d e-con-full e-flex e-con e-parent\" data-id=\"5cfad7d\" data-element_type=\"container\">\n\t\t\t\t<div class=\"elementor-element elementor-element-34afd95 elementor-position-top elementor-widget elementor-widget-image-box\" data-id=\"34afd95\" data-element_type=\"widget\" data-widget_type=\"image-box.default\">\n\t\t\t\t<div class=\"elementor-widget-container\">\n\t\t\t\t\t<div class=\"elementor-image-box-wrapper\"><figure class=\"elementor-image-box-img\"><img decoding=\"async\" width=\"85\" height=\"100\" src=\"https:\/\/www.filacp.com\/simposio\/wp-content\/uploads\/Vargas2.jpg\" class=\"attachment-full size-full wp-image-362\" alt=\"\" \/><\/figure><div class=\"elementor-image-box-content\"><h3 class=\"elementor-image-box-title\"> Dr. German Vargas<\/h3><p class=\"elementor-image-box-description\">Presidente FILACP<\/p><\/div><\/div>\t\t\t\t<\/div>\n\t\t\t\t<\/div>\n\t\t\t\t<div class=\"elementor-element elementor-element-9f25dfa elementor-position-top elementor-widget elementor-widget-image-box\" data-id=\"9f25dfa\" data-element_type=\"widget\" data-widget_type=\"image-box.default\">\n\t\t\t\t<div class=\"elementor-widget-container\">\n\t\t\t\t\t<div class=\"elementor-image-box-wrapper\"><figure class=\"elementor-image-box-img\"><img decoding=\"async\" width=\"85\" height=\"100\" src=\"https:\/\/www.filacp.com\/simposio\/wp-content\/uploads\/davalos.jpg\" class=\"attachment-full size-full wp-image-324\" alt=\"\" \/><\/figure><div class=\"elementor-image-box-content\"><h3 class=\"elementor-image-box-title\">Dr. Pablo D\u00e1valos<\/h3><p class=\"elementor-image-box-description\">PRESIDENTE ELECTO<\/p><\/div><\/div>\t\t\t\t<\/div>\n\t\t\t\t<\/div>\n\t\t\t\t<div class=\"elementor-element elementor-element-b581e04 elementor-position-top elementor-widget elementor-widget-image-box\" data-id=\"b581e04\" data-element_type=\"widget\" data-widget_type=\"image-box.default\">\n\t\t\t\t<div class=\"elementor-widget-container\">\n\t\t\t\t\t<div class=\"elementor-image-box-wrapper\"><figure class=\"elementor-image-box-img\"><img loading=\"lazy\" decoding=\"async\" width=\"85\" height=\"100\" src=\"https:\/\/www.filacp.com\/simposio\/wp-content\/uploads\/Militza-1.jpg\" class=\"attachment-full size-full wp-image-325\" alt=\"\" \/><\/figure><div class=\"elementor-image-box-content\"><h3 class=\"elementor-image-box-title\">Dra. Militza Jovick<\/h3><p class=\"elementor-image-box-description\">PRES. CONSEJO CONSULTIVO<\/p><\/div><\/div>\t\t\t\t<\/div>\n\t\t\t\t<\/div>\n\t\t\t\t<div class=\"elementor-element elementor-element-3142db5 elementor-position-top elementor-widget elementor-widget-image-box\" data-id=\"3142db5\" data-element_type=\"widget\" data-widget_type=\"image-box.default\">\n\t\t\t\t<div class=\"elementor-widget-container\">\n\t\t\t\t\t<div class=\"elementor-image-box-wrapper\"><figure class=\"elementor-image-box-img\"><img loading=\"lazy\" decoding=\"async\" width=\"85\" height=\"100\" src=\"https:\/\/www.filacp.com\/simposio\/wp-content\/uploads\/Vanegas.jpg\" class=\"attachment-full size-full wp-image-326\" alt=\"\" \/><\/figure><div class=\"elementor-image-box-content\"><h3 class=\"elementor-image-box-title\">Dra. Tatiana G. Vanegas<\/h3><p class=\"elementor-image-box-description\">TESORERA<\/p><\/div><\/div>\t\t\t\t<\/div>\n\t\t\t\t<\/div>\n\t\t\t\t<div class=\"elementor-element elementor-element-c8228e7 elementor-position-top elementor-widget elementor-widget-image-box\" data-id=\"c8228e7\" data-element_type=\"widget\" data-widget_type=\"image-box.default\">\n\t\t\t\t<div class=\"elementor-widget-container\">\n\t\t\t\t\t<div class=\"elementor-image-box-wrapper\"><figure class=\"elementor-image-box-img\"><img loading=\"lazy\" decoding=\"async\" width=\"85\" height=\"100\" src=\"https:\/\/www.filacp.com\/simposio\/wp-content\/uploads\/arturomontana.jpg\" class=\"attachment-full size-full wp-image-327\" alt=\"\" \/><\/figure><div class=\"elementor-image-box-content\"><h3 class=\"elementor-image-box-title\">Dr. Arturo R. Monta\u00f1ana<\/h3><p class=\"elementor-image-box-description\">DIR. DE RELACIONES INT.<\/p><\/div><\/div>\t\t\t\t<\/div>\n\t\t\t\t<\/div>\n\t\t\t\t<div class=\"elementor-element elementor-element-b22f57f elementor-position-top elementor-widget elementor-widget-image-box\" data-id=\"b22f57f\" data-element_type=\"widget\" data-widget_type=\"image-box.default\">\n\t\t\t\t<div class=\"elementor-widget-container\">\n\t\t\t\t\t<div class=\"elementor-image-box-wrapper\"><figure class=\"elementor-image-box-img\"><img loading=\"lazy\" decoding=\"async\" width=\"85\" height=\"100\" src=\"https:\/\/www.filacp.com\/simposio\/wp-content\/uploads\/Mendieta2.jpg\" class=\"attachment-full size-full wp-image-363\" alt=\"\" \/><\/figure><div class=\"elementor-image-box-content\"><h3 class=\"elementor-image-box-title\">Dr. Mauricio Mendieta<\/h3><p class=\"elementor-image-box-description\">DIR. DE EVENTOS CIENTIFICOS<\/p><\/div><\/div>\t\t\t\t<\/div>\n\t\t\t\t<\/div>\n\t\t\t\t<div class=\"elementor-element elementor-element-db2b85e elementor-position-top elementor-widget elementor-widget-image-box\" data-id=\"db2b85e\" data-element_type=\"widget\" data-widget_type=\"image-box.default\">\n\t\t\t\t<div class=\"elementor-widget-container\">\n\t\t\t\t\t<div class=\"elementor-image-box-wrapper\"><figure class=\"elementor-image-box-img\"><img loading=\"lazy\" decoding=\"async\" width=\"85\" height=\"100\" src=\"https:\/\/www.filacp.com\/simposio\/wp-content\/uploads\/GarciaVelasco.jpg\" class=\"attachment-full size-full wp-image-328\" alt=\"\" \/><\/figure><div class=\"elementor-image-box-content\"><h3 class=\"elementor-image-box-title\">Dr. Manuel G. Velasco<\/h3><p class=\"elementor-image-box-description\">PARLAMENTARIO<\/p><\/div><\/div>\t\t\t\t<\/div>\n\t\t\t\t<\/div>\n\t\t\t\t<\/div>\n\t\t\t\t<\/div>\n\t\t","protected":false},"excerpt":{"rendered":"<p>Ingresar a la Plataforma Usted est\u00e1 autenticado actualmente como clientes@rivanet.com.ar. Salir &raquo; \u00bfOlvid\u00f3 su Contrase\u00f1a? \u00bfEs Nuevo? Registrarse desde el Siguiente Link Al registrarse le llegar\u00e1 un email solicitando validar su direcci\u00f3n de mail. Una vez que valide su direcci\u00f3n de mail registrada le llegar\u00e1 otro mail con la confirmaci\u00f3n y el link de pago. [&hellip;]<\/p>\n","protected":false},"author":1,"featured_media":0,"parent":0,"menu_order":0,"comment_status":"closed","ping_status":"closed","template":"elementor_header_footer","meta":{"ocean_post_layout":"","ocean_both_sidebars_style":"","ocean_both_sidebars_content_width":0,"ocean_both_sidebars_sidebars_width":0,"ocean_sidebar":"","ocean_second_sidebar":"","ocean_disable_margins":"enable","ocean_add_body_class":"","ocean_shortcode_before_top_bar":"","ocean_shortcode_after_top_bar":"","ocean_shortcode_before_header":"","ocean_shortcode_after_header":"","ocean_has_shortcode":"","ocean_shortcode_after_title":"","ocean_shortcode_before_footer_widgets":"","ocean_shortcode_after_footer_widgets":"","ocean_shortcode_before_footer_bottom":"","ocean_shortcode_after_footer_bottom":"","ocean_display_top_bar":"default","ocean_display_header":"default","ocean_header_style":"","ocean_center_header_left_menu":"","ocean_custom_header_template":"","ocean_custom_logo":0,"ocean_custom_retina_logo":0,"ocean_custom_logo_max_width":0,"ocean_custom_logo_tablet_max_width":0,"ocean_custom_logo_mobile_max_width":0,"ocean_custom_logo_max_height":0,"ocean_custom_logo_tablet_max_height":0,"ocean_custom_logo_mobile_max_height":0,"ocean_header_custom_menu":"","ocean_menu_typo_font_family":"","ocean_menu_typo_font_subset":"","ocean_menu_typo_font_size":0,"ocean_menu_typo_font_size_tablet":0,"ocean_menu_typo_font_size_mobile":0,"ocean_menu_typo_font_size_unit":"px","ocean_menu_typo_font_weight":"","ocean_menu_typo_font_weight_tablet":"","ocean_menu_typo_font_weight_mobile":"","ocean_menu_typo_transform":"","ocean_menu_typo_transform_tablet":"","ocean_menu_typo_transform_mobile":"","ocean_menu_typo_line_height":0,"ocean_menu_typo_line_height_tablet":0,"ocean_menu_typo_line_height_mobile":0,"ocean_menu_typo_line_height_unit":"","ocean_menu_typo_spacing":0,"ocean_menu_typo_spacing_tablet":0,"ocean_menu_typo_spacing_mobile":0,"ocean_menu_typo_spacing_unit":"","ocean_menu_link_color":"","ocean_menu_link_color_hover":"","ocean_menu_link_color_active":"","ocean_menu_link_background":"","ocean_menu_link_hover_background":"","ocean_menu_link_active_background":"","ocean_menu_social_links_bg":"","ocean_menu_social_hover_links_bg":"","ocean_menu_social_links_color":"","ocean_menu_social_hover_links_color":"","ocean_disable_title":"default","ocean_disable_heading":"default","ocean_post_title":"","ocean_post_subheading":"","ocean_post_title_style":"","ocean_post_title_background_color":"","ocean_post_title_background":0,"ocean_post_title_bg_image_position":"","ocean_post_title_bg_image_attachment":"","ocean_post_title_bg_image_repeat":"","ocean_post_title_bg_image_size":"","ocean_post_title_height":0,"ocean_post_title_bg_overlay":0.5,"ocean_post_title_bg_overlay_color":"","ocean_disable_breadcrumbs":"default","ocean_breadcrumbs_color":"","ocean_breadcrumbs_separator_color":"","ocean_breadcrumbs_links_color":"","ocean_breadcrumbs_links_hover_color":"","ocean_display_footer_widgets":"default","ocean_display_footer_bottom":"default","ocean_custom_footer_template":"","footnotes":""},"class_list":["post-2","page","type-page","status-publish","hentry","entry"],"_links":{"self":[{"href":"https:\/\/www.filacp.com\/simposio\/wp-json\/wp\/v2\/pages\/2","targetHints":{"allow":["GET"]}}],"collection":[{"href":"https:\/\/www.filacp.com\/simposio\/wp-json\/wp\/v2\/pages"}],"about":[{"href":"https:\/\/www.filacp.com\/simposio\/wp-json\/wp\/v2\/types\/page"}],"author":[{"embeddable":true,"href":"https:\/\/www.filacp.com\/simposio\/wp-json\/wp\/v2\/users\/1"}],"replies":[{"embeddable":true,"href":"https:\/\/www.filacp.com\/simposio\/wp-json\/wp\/v2\/comments?post=2"}],"version-history":[{"count":0,"href":"https:\/\/www.filacp.com\/simposio\/wp-json\/wp\/v2\/pages\/2\/revisions"}],"wp:attachment":[{"href":"https:\/\/www.filacp.com\/simposio\/wp-json\/wp\/v2\/media?parent=2"}],"curies":[{"name":"wp","href":"https:\/\/api.w.org\/{rel}","templated":true}]}}